{"id":141,"date":"2020-04-05T15:41:32","date_gmt":"2020-04-05T13:41:32","guid":{"rendered":"https:\/\/mittendringlauben.de\/?page_id=141"},"modified":"2020-04-05T17:20:59","modified_gmt":"2020-04-05T15:20:59","slug":"kontakt","status":"publish","type":"page","link":"https:\/\/mittendringlauben.de\/index.php\/kontakt\/","title":{"rendered":"Kontakt"},"content":{"rendered":"\n<p>Bitte schreibe uns einfach auf <a rel=\"noreferrer noopener\" href=\"mailto:mittendringlauben.de@gmail.com\" target=\"_blank\"><strong>mittendringlauben.de@gmail.com<\/strong><\/a><\/p>\n\n\n\n<p>Wir freuen uns, wenn diese Plattform immer weiter w\u00e4chst. Schickt uns eure Ideen mit verst\u00e4ndlichen Erkl\u00e4rungen einfach zu und wir pflegen sie ein!<\/p>\n\n\n\n<p>Wir freuen uns \u00fcber Dein Interesse und Deine Anregungen f\u00fcr die Toolbox mit\/f\u00fcr junge Erwachsene! <\/p>\n","protected":false},"excerpt":{"rendered":"<p>Bitte schreibe uns einfach auf mittendringlauben.de@gmail.com Wir freuen uns, wenn diese Plattform immer weiter w\u00e4chst. Schickt uns eure Ideen mit verst\u00e4ndlichen Erkl\u00e4rungen einfach zu und wir pflegen sie ein! Wir freuen uns \u00fcber Dein Interesse und Deine Anregungen f\u00fcr die Toolbox mit\/f\u00fcr junge Erwachsene!<\/p>\n","protected":false},"author":2,"featured_media":0,"parent":0,"menu_order":0,"comment_status":"closed","ping_status":"closed","template":"","meta":{"footnotes":""},"class_list":["post-141","page","type-page","status-publish","hentry"],"_links":{"self":[{"href":"https:\/\/mittendringlauben.de\/index.php\/wp-json\/wp\/v2\/pages\/141","targetHints":{"allow":["GET"]}}],"collection":[{"href":"https:\/\/mittendringlauben.de\/index.php\/wp-json\/wp\/v2\/pages"}],"about":[{"href":"https:\/\/mittendringlauben.de\/index.php\/wp-json\/wp\/v2\/types\/page"}],"author":[{"embeddable":true,"href":"https:\/\/mittendringlauben.de\/index.php\/wp-json\/wp\/v2\/users\/2"}],"replies":[{"embeddable":true,"href":"https:\/\/mittendringlauben.de\/index.php\/wp-json\/wp\/v2\/comments?post=141"}],"version-history":[{"count":4,"href":"https:\/\/mittendringlauben.de\/index.php\/wp-json\/wp\/v2\/pages\/141\/revisions"}],"predecessor-version":[{"id":283,"href":"https:\/\/mittendringlauben.de\/index.php\/wp-json\/wp\/v2\/pages\/141\/revisions\/283"}],"wp:attachment":[{"href":"https:\/\/mittendringlauben.de\/index.php\/wp-json\/wp\/v2\/media?parent=141"}],"curies":[{"name":"wp","href":"https:\/\/api.w.org\/{rel}","templated":true}]}}