{"id":2,"date":"2020-04-04T18:03:54","date_gmt":"2020-04-04T16:03:54","guid":{"rendered":"https:\/\/mittendringlauben.de\/?page_id=2"},"modified":"2020-04-05T16:52:47","modified_gmt":"2020-04-05T14:52:47","slug":"beispiel-seite","status":"publish","type":"page","link":"https:\/\/mittendringlauben.de\/index.php\/beispiel-seite\/","title":{"rendered":"Prolog"},"content":{"rendered":"\n<p>In den meisten unserer Kirchgemeinden gibt es nach der klassischen Jugendarbeit nur wenige oder gar keine Angebote, in denen sich Junge Erwachsene ohne Kinder mit ihren Fragen, ihrer Lebenswelt und ihrem Glauben ernst genommen f\u00fchlen. Wir haben erlebt, dass gerade diese jungen Menschen sich eine Plattform w\u00fcnschen in denen sie genau dies leben k\u00f6nnen. Weil sie eben h\u00e4ufig nicht da sind, haben wir uns Gedanken gemacht, warum das so ist, und wie ihr das vielleicht bei Euch \u00e4ndern k\u00f6nnt.<\/p>\n\n\n\n<p>Junge Erwachsene sind in einer Lebensphase, in der sie buchst\u00e4blich zwischen den St\u00fchlen sitzen.<\/p>\n\n\n\n<p>ZWISCHEN STUDIUM UND ARBEIT<\/p>\n\n\n\n<p>ZWISCHEN VERPFLICHTUNGEN UND FREIZEIT<\/p>\n\n\n\n<p>ZWISCHEN PARTIZIPATION UND KONSUMIEREN<\/p>\n\n\n\n<p>ZWISCHEN STADT UND LAND<\/p>\n\n\n\n<p>ZWISCHEN PROJEKTEN UND ALLTAG<\/p>\n\n\n\n<p>ZWISCHEN JUGENDARBEIT UND FAMILIENKREIS<\/p>\n\n\n\n<p>ZWISCHEN SINGLE SEIN UND PARTNERSCHAFT<\/p>\n\n\n\n<p>Wie kann Kirche jungen Erwachsenen in diesem DA:ZWISCHEN begegnen und f\u00fcr sie da sein und mit ihnen Innovatives gestalten?&nbsp;<\/p>\n\n\n\n<p>Kirche soll genau dort sein _ also <strong>MITTEN<\/strong><strong>:DRIN!&nbsp;<\/strong>Sie soll junge Erwachsene erreichen, ihre Fragen ernst nehmen und sie in ihrem Glauben st\u00e4rken. (HS)<\/p>\n\n\n\n<p><\/p>\n","protected":false},"excerpt":{"rendered":"<p>In den meisten unserer Kirchgemeinden gibt es nach der klassischen Jugendarbeit nur wenige oder gar keine Angebote, in denen sich Junge Erwachsene ohne Kinder mit ihren Fragen, ihrer Lebenswelt und ihrem Glauben ernst genommen f\u00fchlen. Wir haben erlebt, dass gerade diese jungen Menschen sich eine Plattform w\u00fcnschen in denen sie genau dies leben k\u00f6nnen. Weil &hellip; <\/p>\n<p class=\"link-more\"><a href=\"https:\/\/mittendringlauben.de\/index.php\/beispiel-seite\/\" class=\"more-link\"><span class=\"screen-reader-text\">\u201eProlog\u201c<\/span> weiterlesen<\/a><\/p>\n","protected":false},"author":1,"featured_media":0,"parent":0,"menu_order":0,"comment_status":"closed","ping_status":"open","template":"","meta":{"footnotes":""},"class_list":["post-2","page","type-page","status-publish","hentry"],"_links":{"self":[{"href":"https:\/\/mittendringlauben.de\/index.php\/wp-json\/wp\/v2\/pages\/2","targetHints":{"allow":["GET"]}}],"collection":[{"href":"https:\/\/mittendringlauben.de\/index.php\/wp-json\/wp\/v2\/pages"}],"about":[{"href":"https:\/\/mittendringlauben.de\/index.php\/wp-json\/wp\/v2\/types\/page"}],"author":[{"embeddable":true,"href":"https:\/\/mittendringlauben.de\/index.php\/wp-json\/wp\/v2\/users\/1"}],"replies":[{"embeddable":true,"href":"https:\/\/mittendringlauben.de\/index.php\/wp-json\/wp\/v2\/comments?post=2"}],"version-history":[{"count":10,"href":"https:\/\/mittendringlauben.de\/index.php\/wp-json\/wp\/v2\/pages\/2\/revisions"}],"predecessor-version":[{"id":254,"href":"https:\/\/mittendringlauben.de\/index.php\/wp-json\/wp\/v2\/pages\/2\/revisions\/254"}],"wp:attachment":[{"href":"https:\/\/mittendringlauben.de\/index.php\/wp-json\/wp\/v2\/media?parent=2"}],"curies":[{"name":"wp","href":"https:\/\/api.w.org\/{rel}","templated":true}]}}