{"id":84,"date":"2020-04-05T14:25:17","date_gmt":"2020-04-05T12:25:17","guid":{"rendered":"https:\/\/mittendringlauben.de\/?page_id=84"},"modified":"2020-04-05T16:02:18","modified_gmt":"2020-04-05T14:02:18","slug":"unsere-vision","status":"publish","type":"page","link":"https:\/\/mittendringlauben.de\/index.php\/unsere-vision\/","title":{"rendered":"Unsere Vision"},"content":{"rendered":"\n<p>Wir tr\u00e4umen davon, dass<strong> junge Erwachsene<\/strong> vor Ort die M\u00f6glichkeit haben &#8230;<\/p>\n\n\n\n<ul class=\"wp-block-list\"><li><a rel=\"noreferrer noopener\" href=\"https:\/\/mittendringlauben.de\/index.php\/category\/glaubetheologie\/\" target=\"_blank\">Glaube und Theologie<\/a><\/li><li><a rel=\"noreferrer noopener\" href=\"https:\/\/mittendringlauben.de\/index.php\/category\/spiritualitaet\/\" target=\"_blank\">Entspannte Spiritualit\u00e4t<\/a><\/li><li><a href=\"https:\/\/mittendringlauben.de\/index.php\/category\/gemeinschaft\/\" target=\"_blank\" rel=\"noreferrer noopener\">Gemeinschaft<\/a><\/li><li><a rel=\"noreferrer noopener\" href=\"https:\/\/mittendringlauben.de\/index.php\/category\/mitgestaltung\/\" target=\"_blank\">Mitgestaltung &amp; Selbstwirksamkeit<\/a><\/li><li><a rel=\"noreferrer noopener\" href=\"https:\/\/mittendringlauben.de\/index.php\/category\/spass\/\" target=\"_blank\">Spa\u00df<\/a><\/li><li><a href=\"https:\/\/mittendringlauben.de\/index.php\/category\/kontakt\/\">in Kontakt treten<\/a><\/li><li><a href=\"https:\/\/mittendringlauben.de\/index.php\/category\/kooperationen\/\" target=\"_blank\" rel=\"noreferrer noopener\">Kooperation<\/a><\/li><\/ul>\n\n\n\n<p>&#8230; zu erleben, im Austausch mit Gleichgesinnten zu sein und \u00fcber einen geistlichen Input zu aktuellen situationen nachdenken k\u00f6nnen. (HS)<\/p>\n\n\n\n<p>MITTENDRIN GLAUBEN:DE versucht, Ideen zu geben, wie KIRCHE&nbsp; die Lebenswelt und die Bed\u00fcrfnisse von jungen Erwachsenen wahrnehmen und darauf eingehen kann.<\/p>\n\n\n\n<p>Wir tr\u00e4umen von einer Kirche (bzw. Gemeinde), die auf Menschen in diesen Zwischenzeiten anziehend wirkt, weil sie sich hier zuhause f\u00fchlen, mit ihren Themen, ihren Formen, ihren Anliegen und ihren Freunden.<\/p>\n\n\n\n<p>Es ist eine Kirche, in der sie sp\u00fcren und erleben k\u00f6nnen, was sie sind: Geliebte Kinder Gottes, frei und angenommen, willkommen und wertgesch\u00e4tzt.&nbsp;<\/p>\n\n\n\n<p>Es ist eine Kirche, die Junge Menschen selbst mitgestalten k\u00f6nnen, die sie ernstnimmt und herausfordert. Die ihre Sprache spricht in Worten, Medien und Musik. Die sie f\u00f6rdert, ihre Gaben und Talente einzubringen und weiterzuentwickeln. Die mit ihnen auf die Suche geht nach dem, der Leben tr\u00e4gt: Gott. (DA)<\/p>\n\n\n\n<p>Wir sehnen uns nach einer Kirche, die Menschen aller Milieus anspricht.<\/p>\n\n\n\n<p>Wer sucht in festen Kirchgemeinden Halt und Struktur, wer eher spirituelle Entfaltung? Wie k\u00f6nnen wir z.B. Kreativen in der Kirche Raum geben, die nur punktuell in Projekten Glaubensgemeinschaft suchen?<\/p>\n\n\n\n<p>Wo finden Auszubildende ihren Platz in der Kirche?<\/p>\n\n\n\n<p>Die <a rel=\"noreferrer noopener\" href=\"https:\/\/www.sinus-institut.de\" target=\"_blank\">SINUS-Milieus\u00ae<\/a>  bieten da eine hilfreiche Betrachtung der Gesellschaft, um gezielter einzelne Gruppen in den Blick zu nehmen. Vielleicht helfen sie uns, Alle mitzunehmen? (CK)<\/p>\n\n\n\n<p>Wir hoffen, euch mit unseren Anregungen helfen zu k\u00f6nnen und w\u00fcnschen euch eine gute Zeit! Bedenkt bitte, dass dies nur Vorschl\u00e4ge sind, die ihr individuell an eure Leute anpassen k\u00f6nnt. Nicht alles passt f\u00fcr jeden. Es werden sich vermutlich auch nicht von Anfang an alle einladen lassen oder kontinuierlich mit am Ball bleiben. Lasst euch nicht entmutigen! (TY)&nbsp;<\/p>\n","protected":false},"excerpt":{"rendered":"<p>Wir tr\u00e4umen davon, dass junge Erwachsene vor Ort die M\u00f6glichkeit haben &#8230; Glaube und Theologie Entspannte Spiritualit\u00e4t Gemeinschaft Mitgestaltung &amp; Selbstwirksamkeit Spa\u00df in Kontakt treten Kooperation &#8230; zu erleben, im Austausch mit Gleichgesinnten zu sein und \u00fcber einen geistlichen Input zu aktuellen situationen nachdenken k\u00f6nnen. (HS) MITTENDRIN GLAUBEN:DE versucht, Ideen zu geben, wie KIRCHE&nbsp; die &hellip; <\/p>\n<p class=\"link-more\"><a href=\"https:\/\/mittendringlauben.de\/index.php\/unsere-vision\/\" class=\"more-link\"><span class=\"screen-reader-text\">\u201eUnsere Vision\u201c<\/span> weiterlesen<\/a><\/p>\n","protected":false},"author":2,"featured_media":0,"parent":0,"menu_order":0,"comment_status":"closed","ping_status":"closed","template":"","meta":{"footnotes":""},"class_list":["post-84","page","type-page","status-publish","hentry"],"_links":{"self":[{"href":"https:\/\/mittendringlauben.de\/index.php\/wp-json\/wp\/v2\/pages\/84","targetHints":{"allow":["GET"]}}],"collection":[{"href":"https:\/\/mittendringlauben.de\/index.php\/wp-json\/wp\/v2\/pages"}],"about":[{"href":"https:\/\/mittendringlauben.de\/index.php\/wp-json\/wp\/v2\/types\/page"}],"author":[{"embeddable":true,"href":"https:\/\/mittendringlauben.de\/index.php\/wp-json\/wp\/v2\/users\/2"}],"replies":[{"embeddable":true,"href":"https:\/\/mittendringlauben.de\/index.php\/wp-json\/wp\/v2\/comments?post=84"}],"version-history":[{"count":9,"href":"https:\/\/mittendringlauben.de\/index.php\/wp-json\/wp\/v2\/pages\/84\/revisions"}],"predecessor-version":[{"id":186,"href":"https:\/\/mittendringlauben.de\/index.php\/wp-json\/wp\/v2\/pages\/84\/revisions\/186"}],"wp:attachment":[{"href":"https:\/\/mittendringlauben.de\/index.php\/wp-json\/wp\/v2\/media?parent=84"}],"curies":[{"name":"wp","href":"https:\/\/api.w.org\/{rel}","templated":true}]}}